{"id":521,"date":"2024-03-08T16:00:44","date_gmt":"2024-03-08T15:00:44","guid":{"rendered":"https:\/\/chelmymasa.com\/?page_id=521"},"modified":"2024-06-18T15:28:56","modified_gmt":"2024-06-18T13:28:56","slug":"biokinesie","status":"publish","type":"page","link":"https:\/\/chelmymasa.com\/index.php\/biokinesie\/","title":{"rendered":"Biokinesie"},"content":{"rendered":"\t\t<div data-elementor-type=\"wp-page\" data-elementor-id=\"521\" class=\"elementor elementor-521\" data-elementor-post-type=\"page\">\n\t\t\t\t<div class=\"elementor-element elementor-element-4b74ffd e-flex e-con-boxed e-con e-parent\" data-id=\"4b74ffd\" data-element_type=\"container\">\n\t\t\t\t\t<div class=\"e-con-inner\">\n\t\t<div class=\"elementor-element elementor-element-8689cd3 e-con-full e-flex e-con e-child\" data-id=\"8689cd3\" data-element_type=\"container\">\n\t\t\t\t<div class=\"elementor-element elementor-element-16f7943 elementor-widget elementor-widget-image\" data-id=\"16f7943\" data-element_type=\"widget\" data-widget_type=\"image.default\">\n\t\t\t\t<div class=\"elementor-widget-container\">\n\t\t\t<style>\/*! elementor - v3.21.0 - 26-05-2024 *\/\n.elementor-widget-image{text-align:center}.elementor-widget-image a{display:inline-block}.elementor-widget-image a img[src$=\".svg\"]{width:48px}.elementor-widget-image img{vertical-align:middle;display:inline-block}<\/style>\t\t\t\t\t\t\t\t\t\t<img fetchpriority=\"high\" decoding=\"async\" width=\"768\" height=\"1024\" src=\"https:\/\/chelmymasa.com\/wp-content\/uploads\/2024\/01\/IMG_20210715_191829755-768x1024-1.jpg\" class=\"attachment-large size-large wp-image-242\" alt=\"\" srcset=\"https:\/\/chelmymasa.com\/wp-content\/uploads\/2024\/01\/IMG_20210715_191829755-768x1024-1.jpg 768w, https:\/\/chelmymasa.com\/wp-content\/uploads\/2024\/01\/IMG_20210715_191829755-768x1024-1-225x300.jpg 225w\" sizes=\"(max-width: 768px) 100vw, 768px\" \/>\t\t\t\t\t\t\t\t\t\t\t\t\t<\/div>\n\t\t\t\t<\/div>\n\t\t\t\t<\/div>\n\t\t<div class=\"elementor-element elementor-element-4140d04 e-con-full e-flex e-con e-child\" data-id=\"4140d04\" data-element_type=\"container\">\n\t\t\t\t<div class=\"elementor-element elementor-element-e0a3ae8 elementor-widget elementor-widget-heading\" data-id=\"e0a3ae8\" data-element_type=\"widget\" data-widget_type=\"heading.default\">\n\t\t\t\t<div class=\"elementor-widget-container\">\n\t\t\t<style>\/*! elementor - v3.21.0 - 26-05-2024 *\/\n.elementor-heading-title{padding:0;margin:0;line-height:1}.elementor-widget-heading .elementor-heading-title[class*=elementor-size-]>a{color:inherit;font-size:inherit;line-height:inherit}.elementor-widget-heading .elementor-heading-title.elementor-size-small{font-size:15px}.elementor-widget-heading .elementor-heading-title.elementor-size-medium{font-size:19px}.elementor-widget-heading .elementor-heading-title.elementor-size-large{font-size:29px}.elementor-widget-heading .elementor-heading-title.elementor-size-xl{font-size:39px}.elementor-widget-heading .elementor-heading-title.elementor-size-xxl{font-size:59px}<\/style><h2 class=\"elementor-heading-title elementor-size-default\">Atelier  Biokinesie<\/h2>\t\t<\/div>\n\t\t\t\t<\/div>\n\t\t\t\t<div class=\"elementor-element elementor-element-fa440f3 elementor-widget elementor-widget-text-editor\" data-id=\"fa440f3\" data-element_type=\"widget\" data-widget_type=\"text-editor.default\">\n\t\t\t\t<div class=\"elementor-widget-container\">\n\t\t\t<style>\/*! elementor - v3.21.0 - 26-05-2024 *\/\n.elementor-widget-text-editor.elementor-drop-cap-view-stacked .elementor-drop-cap{background-color:#69727d;color:#fff}.elementor-widget-text-editor.elementor-drop-cap-view-framed .elementor-drop-cap{color:#69727d;border:3px solid;background-color:transparent}.elementor-widget-text-editor:not(.elementor-drop-cap-view-default) .elementor-drop-cap{margin-top:8px}.elementor-widget-text-editor:not(.elementor-drop-cap-view-default) .elementor-drop-cap-letter{width:1em;height:1em}.elementor-widget-text-editor .elementor-drop-cap{float:left;text-align:center;line-height:1;font-size:50px}.elementor-widget-text-editor .elementor-drop-cap-letter{display:inline-block}<\/style>\t\t\t\t<p>\u00a0<\/p><p>La biokin\u00e9sie aussi appel\u00e9e \u00ab\u00a0gymnastique des organes\u00a0\u00bb est un ensemble de mouvements musculaires, de flexions et de torsions, et d&rsquo;\u00e9tirements doux du corps, ciblant un organe afin de le stimuler, de le vidanger ou de le tonifier, et d&rsquo;am\u00e9liorer son fonctionnement.<\/p><p>Retrouvez nous lors de nos ateliers.<\/p>\t\t\t\t\t\t<\/div>\n\t\t\t\t<\/div>\n\t\t\t\t<\/div>\n\t\t<div class=\"elementor-element elementor-element-9dd4f5e e-con-full e-flex e-con e-child\" data-id=\"9dd4f5e\" data-element_type=\"container\">\n\t\t\t\t<div class=\"elementor-element elementor-element-3de8067 elementor-widget elementor-widget-image\" data-id=\"3de8067\" data-element_type=\"widget\" data-widget_type=\"image.default\">\n\t\t\t\t<div class=\"elementor-widget-container\">\n\t\t\t\t\t\t\t\t\t\t\t\t\t<img decoding=\"async\" width=\"768\" height=\"1024\" src=\"https:\/\/chelmymasa.com\/wp-content\/uploads\/2024\/01\/IMG_20210715_191845308-768x1024-1.jpg\" class=\"attachment-large size-large wp-image-249\" alt=\"\" srcset=\"https:\/\/chelmymasa.com\/wp-content\/uploads\/2024\/01\/IMG_20210715_191845308-768x1024-1.jpg 768w, https:\/\/chelmymasa.com\/wp-content\/uploads\/2024\/01\/IMG_20210715_191845308-768x1024-1-225x300.jpg 225w\" sizes=\"(max-width: 768px) 100vw, 768px\" \/>\t\t\t\t\t\t\t\t\t\t\t\t\t<\/div>\n\t\t\t\t<\/div>\n\t\t\t\t<\/div>\n\t\t\t\t\t<\/div>\n\t\t\t\t<\/div>\n\t\t<div class=\"elementor-element elementor-element-8d560fb e-flex e-con-boxed e-con e-parent\" data-id=\"8d560fb\" data-element_type=\"container\">\n\t\t\t\t\t<div class=\"e-con-inner\">\n\t\t<div class=\"elementor-element elementor-element-43514d4 e-con-full e-flex e-con e-child\" data-id=\"43514d4\" data-element_type=\"container\">\n\t\t\t\t<div class=\"elementor-element elementor-element-73709e6 elementor-widget elementor-widget-text-editor\" data-id=\"73709e6\" data-element_type=\"widget\" data-widget_type=\"text-editor.default\">\n\t\t\t\t<div class=\"elementor-widget-container\">\n\t\t\t\t\t\t\t<p align=\"justify\">Les bienfaits de la biokin\u00e9sie sont nombreux :<\/p><ul><li>am\u00e9lioration de la circulation de tous nos liquides corporels (sang, lymphe&#8230;)<\/li><li>\u00e9vacuation des toxines du corps et am\u00e9liore le fonctionnement de nos organes<\/li><li>tonifie les muscles, fortifie les os, assouplit les articulations et la colonne vert\u00e9brale<\/li><\/ul>\t\t\t\t\t\t<\/div>\n\t\t\t\t<\/div>\n\t\t\t\t<\/div>\n\t\t<div class=\"elementor-element elementor-element-8d389d6 e-con-full e-flex e-con e-child\" data-id=\"8d389d6\" data-element_type=\"container\">\n\t\t\t\t<div class=\"elementor-element elementor-element-7090725 elementor-arrows-position-inside elementor-pagination-position-outside elementor-widget elementor-widget-image-carousel\" data-id=\"7090725\" data-element_type=\"widget\" data-settings=\"{&quot;navigation&quot;:&quot;both&quot;,&quot;autoplay&quot;:&quot;yes&quot;,&quot;pause_on_hover&quot;:&quot;yes&quot;,&quot;pause_on_interaction&quot;:&quot;yes&quot;,&quot;autoplay_speed&quot;:5000,&quot;infinite&quot;:&quot;yes&quot;,&quot;speed&quot;:500}\" data-widget_type=\"image-carousel.default\">\n\t\t\t\t<div class=\"elementor-widget-container\">\n\t\t\t<style>\/*! elementor - v3.21.0 - 26-05-2024 *\/\n.elementor-widget-image-carousel .swiper,.elementor-widget-image-carousel .swiper-container{position:static}.elementor-widget-image-carousel .swiper-container .swiper-slide figure,.elementor-widget-image-carousel .swiper .swiper-slide figure{line-height:inherit}.elementor-widget-image-carousel .swiper-slide{text-align:center}.elementor-image-carousel-wrapper:not(.swiper-container-initialized):not(.swiper-initialized) .swiper-slide{max-width:calc(100% \/ var(--e-image-carousel-slides-to-show, 3))}<\/style>\t\t<div class=\"elementor-image-carousel-wrapper swiper\" dir=\"ltr\">\n\t\t\t<div class=\"elementor-image-carousel swiper-wrapper\" aria-live=\"off\">\n\t\t\t\t\t\t\t\t<div class=\"swiper-slide\" role=\"group\" aria-roledescription=\"slide\" aria-label=\"1 sur 6\"><figure class=\"swiper-slide-inner\"><img decoding=\"async\" class=\"swiper-slide-image\" src=\"https:\/\/chelmymasa.com\/wp-content\/uploads\/2024\/01\/IMG_bioki-768x1024-1-150x150.jpg\" alt=\"Exif_JPEG_420\" \/><\/figure><\/div><div class=\"swiper-slide\" role=\"group\" aria-roledescription=\"slide\" aria-label=\"2 sur 6\"><figure class=\"swiper-slide-inner\"><img decoding=\"async\" class=\"swiper-slide-image\" src=\"https:\/\/chelmymasa.com\/wp-content\/uploads\/2024\/01\/IMG_20210624_184145663-2-1024x527-1-150x150.jpg\" alt=\"Exif_JPEG_420\" \/><\/figure><\/div><div class=\"swiper-slide\" role=\"group\" aria-roledescription=\"slide\" aria-label=\"3 sur 6\"><figure class=\"swiper-slide-inner\"><img decoding=\"async\" class=\"swiper-slide-image\" src=\"https:\/\/chelmymasa.com\/wp-content\/uploads\/2024\/01\/IMG_20210624_183451842-1-768x1024-1-150x150.jpg\" alt=\"Exif_JPEG_420\" \/><\/figure><\/div><div class=\"swiper-slide\" role=\"group\" aria-roledescription=\"slide\" aria-label=\"4 sur 6\"><figure class=\"swiper-slide-inner\"><img decoding=\"async\" class=\"swiper-slide-image\" src=\"https:\/\/chelmymasa.com\/wp-content\/uploads\/2024\/01\/IMG_20210624_183350572-768x1024-1-150x150.jpg\" alt=\"Exif_JPEG_420\" \/><\/figure><\/div><div class=\"swiper-slide\" role=\"group\" aria-roledescription=\"slide\" aria-label=\"5 sur 6\"><figure class=\"swiper-slide-inner\"><img decoding=\"async\" class=\"swiper-slide-image\" src=\"https:\/\/chelmymasa.com\/wp-content\/uploads\/2024\/01\/IMG_20210624_183341784-768x1024-1-150x150.jpg\" alt=\"Exif_JPEG_420\" \/><\/figure><\/div><div class=\"swiper-slide\" role=\"group\" aria-roledescription=\"slide\" aria-label=\"6 sur 6\"><figure class=\"swiper-slide-inner\"><img decoding=\"async\" class=\"swiper-slide-image\" src=\"https:\/\/chelmymasa.com\/wp-content\/uploads\/2024\/01\/IMG_20210624_181426396-1024x768-1-150x150.jpg\" alt=\"Exif_JPEG_420\" \/><\/figure><\/div>\t\t\t<\/div>\n\t\t\t\t\t\t\t\t\t\t\t\t<div class=\"elementor-swiper-button elementor-swiper-button-prev\" role=\"button\" tabindex=\"0\">\n\t\t\t\t\t\t<svg aria-hidden=\"true\" class=\"e-font-icon-svg e-eicon-chevron-left\" viewBox=\"0 0 1000 1000\" xmlns=\"http:\/\/www.w3.org\/2000\/svg\"><path d=\"M646 125C629 125 613 133 604 142L308 442C296 454 292 471 292 487 292 504 296 521 308 533L604 854C617 867 629 875 646 875 663 875 679 871 692 858 704 846 713 829 713 812 713 796 708 779 692 767L438 487 692 225C700 217 708 204 708 187 708 171 704 154 692 142 675 129 663 125 646 125Z\"><\/path><\/svg>\t\t\t\t\t<\/div>\n\t\t\t\t\t<div class=\"elementor-swiper-button elementor-swiper-button-next\" role=\"button\" tabindex=\"0\">\n\t\t\t\t\t\t<svg aria-hidden=\"true\" class=\"e-font-icon-svg e-eicon-chevron-right\" viewBox=\"0 0 1000 1000\" xmlns=\"http:\/\/www.w3.org\/2000\/svg\"><path d=\"M696 533C708 521 713 504 713 487 713 471 708 454 696 446L400 146C388 133 375 125 354 125 338 125 325 129 313 142 300 154 292 171 292 187 292 204 296 221 308 233L563 492 304 771C292 783 288 800 288 817 288 833 296 850 308 863 321 871 338 875 354 875 371 875 388 867 400 854L696 533Z\"><\/path><\/svg>\t\t\t\t\t<\/div>\n\t\t\t\t\n\t\t\t\t\t\t\t\t\t<div class=\"swiper-pagination\"><\/div>\n\t\t\t\t\t\t\t\t\t<\/div>\n\t\t\t\t<\/div>\n\t\t\t\t<\/div>\n\t\t\t\t<\/div>\n\t\t<div class=\"elementor-element elementor-element-e700f64 e-con-full e-flex e-con e-child\" data-id=\"e700f64\" data-element_type=\"container\">\n\t\t\t\t<div class=\"elementor-element elementor-element-c613247 elementor-widget elementor-widget-text-editor\" data-id=\"c613247\" data-element_type=\"widget\" data-widget_type=\"text-editor.default\">\n\t\t\t\t<div class=\"elementor-widget-container\">\n\t\t\t\t\t\t\t<ul><li><p align=\"justify\">Lib\u00e8re les n\u0153uds \u00e9nerg\u00e9tiques, \u00e9vacue le stress et diminue la douleur.<\/p><\/li><li><p align=\"justify\">Am\u00e9liore les fonctions digestives<\/p><\/li><li><p align=\"justify\">augmente l&rsquo;oxyg\u00e9nation cellulaire donc am\u00e9liore le fonctionnement du c\u0153ur et du cerveau entre autres.<\/p><\/li><li><p align=\"justify\">Augmente la vitalit\u00e9 (diminue la fatigue)<\/p><\/li><\/ul>\t\t\t\t\t\t<\/div>\n\t\t\t\t<\/div>\n\t\t\t\t<\/div>\n\t\t\t\t\t<\/div>\n\t\t\t\t<\/div>\n\t\t<div class=\"elementor-element elementor-element-721c624 e-flex e-con-boxed e-con e-parent\" data-id=\"721c624\" data-element_type=\"container\">\n\t\t\t\t\t<div class=\"e-con-inner\">\n\t\t<div class=\"elementor-element elementor-element-1dfe181 e-con-full e-flex e-con e-child\" data-id=\"1dfe181\" data-element_type=\"container\">\n\t\t\t\t<div class=\"elementor-element elementor-element-eb8da28 elementor-widget elementor-widget-image\" data-id=\"eb8da28\" data-element_type=\"widget\" data-widget_type=\"image.default\">\n\t\t\t\t<div class=\"elementor-widget-container\">\n\t\t\t\t\t\t\t\t\t\t\t\t\t<img decoding=\"async\" src=\"https:\/\/chelmymasa.com\/wp-content\/uploads\/2024\/01\/pexels-rui-dias-1472887-1024x683-1.jpg\" title=\"\" alt=\"\" loading=\"lazy\" \/>\t\t\t\t\t\t\t\t\t\t\t\t\t<\/div>\n\t\t\t\t<\/div>\n\t\t\t\t<\/div>\n\t\t<div class=\"elementor-element elementor-element-c51b978 e-con-full e-flex e-con e-child\" data-id=\"c51b978\" data-element_type=\"container\">\n\t\t\t\t<div class=\"elementor-element elementor-element-3c8d49b elementor-widget elementor-widget-text-editor\" data-id=\"3c8d49b\" data-element_type=\"widget\" data-widget_type=\"text-editor.default\">\n\t\t\t\t<div class=\"elementor-widget-container\">\n\t\t\t\t\t\t\t<p align=\"center\">Accessible par tous, sans aucune exigence de performance.<\/p>\t\t\t\t\t\t<\/div>\n\t\t\t\t<\/div>\n\t\t\t\t<div class=\"elementor-element elementor-element-6d89f93 elementor-widget elementor-widget-text-editor\" data-id=\"6d89f93\" data-element_type=\"widget\" data-widget_type=\"text-editor.default\">\n\t\t\t\t<div class=\"elementor-widget-container\">\n\t\t\t\t\t\t\t<p>Comment se d\u00e9roule une s\u00e9ance de biokin\u00e9sie ?<\/p><ul><li>D\u00e9verrouillage articulaire<\/li><li>temps d&rsquo;essoufflement (am\u00e9liore l&rsquo;oxyg\u00e9nation cellulaire et diminue le stress)<\/li><li>exercices d&rsquo;auto-massages ax\u00e9s sur le syst\u00e8me digestif<\/li><li>exercices ost\u00e9o-musculaires qui visent \u00e0 d\u00e9tendre les tensions et renforcer la sangle abdominale<\/li><li>temps de relaxation et d&rsquo;\u00e9tirements<\/li><\/ul>\t\t\t\t\t\t<\/div>\n\t\t\t\t<\/div>\n\t\t\t\t<\/div>\n\t\t\t\t\t<\/div>\n\t\t\t\t<\/div>\n\t\t<div class=\"elementor-element elementor-element-426c330 e-flex e-con-boxed e-con e-parent\" data-id=\"426c330\" data-element_type=\"container\">\n\t\t\t\t\t<div class=\"e-con-inner\">\n\t\t\t\t<div class=\"elementor-element elementor-element-54317c5 elementor-widget elementor-widget-heading\" data-id=\"54317c5\" data-element_type=\"widget\" data-widget_type=\"heading.default\">\n\t\t\t\t<div class=\"elementor-widget-container\">\n\t\t\t<h2 class=\"elementor-heading-title elementor-size-default\">Ajoutez votre titre ici<\/h2>\t\t<\/div>\n\t\t\t\t<\/div>\n\t\t\t\t\t<\/div>\n\t\t\t\t<\/div>\n\t\t\t\t<\/div>\n\t\t","protected":false},"excerpt":{"rendered":"<p>Atelier Biokinesie \u00a0 La biokin\u00e9sie aussi appel\u00e9e \u00ab\u00a0gymnastique des organes\u00a0\u00bb est un ensemble de mouvements musculaires, de flexions et de torsions, et d&rsquo;\u00e9tirements doux du corps, ciblant un organe afin de le stimuler, de le vidanger ou de le tonifier, et d&rsquo;am\u00e9liorer son fonctionnement. Retrouvez nous lors de nos ateliers. Les bienfaits de la biokin\u00e9sie [&hellip;]<\/p>\n","protected":false},"author":1,"featured_media":0,"parent":0,"menu_order":0,"comment_status":"closed","ping_status":"closed","template":"","meta":{"footnotes":""},"_links":{"self":[{"href":"https:\/\/chelmymasa.com\/index.php\/wp-json\/wp\/v2\/pages\/521"}],"collection":[{"href":"https:\/\/chelmymasa.com\/index.php\/wp-json\/wp\/v2\/pages"}],"about":[{"href":"https:\/\/chelmymasa.com\/index.php\/wp-json\/wp\/v2\/types\/page"}],"author":[{"embeddable":true,"href":"https:\/\/chelmymasa.com\/index.php\/wp-json\/wp\/v2\/users\/1"}],"replies":[{"embeddable":true,"href":"https:\/\/chelmymasa.com\/index.php\/wp-json\/wp\/v2\/comments?post=521"}],"version-history":[{"count":53,"href":"https:\/\/chelmymasa.com\/index.php\/wp-json\/wp\/v2\/pages\/521\/revisions"}],"predecessor-version":[{"id":1054,"href":"https:\/\/chelmymasa.com\/index.php\/wp-json\/wp\/v2\/pages\/521\/revisions\/1054"}],"wp:attachment":[{"href":"https:\/\/chelmymasa.com\/index.php\/wp-json\/wp\/v2\/media?parent=521"}],"curies":[{"name":"wp","href":"https:\/\/api.w.org\/{rel}","templated":true}]}}