{"id":458,"date":"2024-03-06T15:44:43","date_gmt":"2024-03-06T14:44:43","guid":{"rendered":"https:\/\/chelmymasa.com\/?page_id=458"},"modified":"2024-06-18T15:45:48","modified_gmt":"2024-06-18T13:45:48","slug":"massage","status":"publish","type":"page","link":"https:\/\/chelmymasa.com\/index.php\/massage\/","title":{"rendered":"Massage"},"content":{"rendered":"\t\t<div data-elementor-type=\"wp-page\" data-elementor-id=\"458\" class=\"elementor elementor-458\" data-elementor-post-type=\"page\">\n\t\t\t\t<div class=\"elementor-element elementor-element-b6e45dd e-flex e-con-boxed e-con e-parent\" data-id=\"b6e45dd\" data-element_type=\"container\">\n\t\t\t\t\t<div class=\"e-con-inner\">\n\t\t<div class=\"elementor-element elementor-element-d68826b e-con-full e-transform e-flex e-con e-child\" data-id=\"d68826b\" data-element_type=\"container\" data-settings=\"{&quot;_transform_scale_effect&quot;:{&quot;unit&quot;:&quot;px&quot;,&quot;size&quot;:&quot;&quot;,&quot;sizes&quot;:[]},&quot;_transform_scale_effect_tablet&quot;:{&quot;unit&quot;:&quot;px&quot;,&quot;size&quot;:&quot;&quot;,&quot;sizes&quot;:[]},&quot;_transform_scale_effect_mobile&quot;:{&quot;unit&quot;:&quot;px&quot;,&quot;size&quot;:&quot;&quot;,&quot;sizes&quot;:[]}}\">\n\t\t\t\t<div class=\"elementor-element elementor-element-a0e97ab elementor-widget elementor-widget-image\" data-id=\"a0e97ab\" data-element_type=\"widget\" data-widget_type=\"image.default\">\n\t\t\t\t<div class=\"elementor-widget-container\">\n\t\t\t<style>\/*! elementor - v3.21.0 - 26-05-2024 *\/\n.elementor-widget-image{text-align:center}.elementor-widget-image a{display:inline-block}.elementor-widget-image a img[src$=\".svg\"]{width:48px}.elementor-widget-image img{vertical-align:middle;display:inline-block}<\/style>\t\t\t\t\t\t\t\t\t\t<img fetchpriority=\"high\" decoding=\"async\" width=\"768\" height=\"1024\" src=\"https:\/\/chelmymasa.com\/wp-content\/uploads\/2024\/01\/IMG_20210701_183606733-1152x1536-1-768x1024.jpg\" class=\"attachment-large size-large wp-image-208\" alt=\"\" srcset=\"https:\/\/chelmymasa.com\/wp-content\/uploads\/2024\/01\/IMG_20210701_183606733-1152x1536-1-768x1024.jpg 768w, https:\/\/chelmymasa.com\/wp-content\/uploads\/2024\/01\/IMG_20210701_183606733-1152x1536-1-225x300.jpg 225w, https:\/\/chelmymasa.com\/wp-content\/uploads\/2024\/01\/IMG_20210701_183606733-1152x1536-1.jpg 1152w\" sizes=\"(max-width: 768px) 100vw, 768px\" \/>\t\t\t\t\t\t\t\t\t\t\t\t\t<\/div>\n\t\t\t\t<\/div>\n\t\t\t\t<\/div>\n\t\t<div class=\"elementor-element elementor-element-0fed9f6 e-con-full e-flex e-con e-child\" data-id=\"0fed9f6\" data-element_type=\"container\">\n\t\t\t\t<div class=\"elementor-element elementor-element-4449967 elementor-widget elementor-widget-heading\" data-id=\"4449967\" data-element_type=\"widget\" data-widget_type=\"heading.default\">\n\t\t\t\t<div class=\"elementor-widget-container\">\n\t\t\t<style>\/*! elementor - v3.21.0 - 26-05-2024 *\/\n.elementor-heading-title{padding:0;margin:0;line-height:1}.elementor-widget-heading .elementor-heading-title[class*=elementor-size-]>a{color:inherit;font-size:inherit;line-height:inherit}.elementor-widget-heading .elementor-heading-title.elementor-size-small{font-size:15px}.elementor-widget-heading .elementor-heading-title.elementor-size-medium{font-size:19px}.elementor-widget-heading .elementor-heading-title.elementor-size-large{font-size:29px}.elementor-widget-heading .elementor-heading-title.elementor-size-xl{font-size:39px}.elementor-widget-heading .elementor-heading-title.elementor-size-xxl{font-size:59px}<\/style><h2 class=\"elementor-heading-title elementor-size-default\">Atelier Massage<\/h2>\t\t<\/div>\n\t\t\t\t<\/div>\n\t\t\t\t<div class=\"elementor-element elementor-element-b33fc24 elementor-widget elementor-widget-text-editor\" data-id=\"b33fc24\" data-element_type=\"widget\" data-widget_type=\"text-editor.default\">\n\t\t\t\t<div class=\"elementor-widget-container\">\n\t\t\t<style>\/*! elementor - v3.21.0 - 26-05-2024 *\/\n.elementor-widget-text-editor.elementor-drop-cap-view-stacked .elementor-drop-cap{background-color:#69727d;color:#fff}.elementor-widget-text-editor.elementor-drop-cap-view-framed .elementor-drop-cap{color:#69727d;border:3px solid;background-color:transparent}.elementor-widget-text-editor:not(.elementor-drop-cap-view-default) .elementor-drop-cap{margin-top:8px}.elementor-widget-text-editor:not(.elementor-drop-cap-view-default) .elementor-drop-cap-letter{width:1em;height:1em}.elementor-widget-text-editor .elementor-drop-cap{float:left;text-align:center;line-height:1;font-size:50px}.elementor-widget-text-editor .elementor-drop-cap-letter{display:inline-block}<\/style>\t\t\t\t<p>Le massage des organes est un massage profond du ventre qui permet d&rsquo;atteindre, par pression, les visc\u00e8res digestifs tr\u00e8s enfouis dans l&rsquo;abdomen tel que l&rsquo;intestin gr\u00eale, le foie ou la v\u00e9sicule biliaire par exemple.<\/p><p>Ce massage est tr\u00e8s efficaces pour :<\/p><p>-la d\u00e9tente des organes, il lib\u00e8re du stress et des tensions<\/p><p>-il am\u00e9liore la circulation de tous nos liquides corporels (sang, lymphe&#8230;)<\/p><p>-il favorise la digestion (constipation&#8230;) et d\u00e9congestionne les organes (vidange de la V.B&#8230;)<\/p><p>-il am\u00e9liore le fonctionnement des syst\u00e8mes immunitaires, glandulaire et nerveux<\/p><p>-il favorise une meilleure oxyg\u00e9nation cellulaire.<\/p>\t\t\t\t\t\t<\/div>\n\t\t\t\t<\/div>\n\t\t\t\t<\/div>\n\t\t<div class=\"elementor-element elementor-element-9b5e942 e-con-full e-flex e-con e-child\" data-id=\"9b5e942\" data-element_type=\"container\">\n\t\t\t\t<div class=\"elementor-element elementor-element-f9653da elementor-widget__width-initial elementor-widget elementor-widget-image\" data-id=\"f9653da\" data-element_type=\"widget\" data-widget_type=\"image.default\">\n\t\t\t\t<div class=\"elementor-widget-container\">\n\t\t\t\t\t\t\t\t\t\t\t\t\t<img decoding=\"async\" width=\"768\" height=\"1024\" src=\"https:\/\/chelmymasa.com\/wp-content\/uploads\/2024\/01\/IMG_20210701_183243801-768x1024-1.jpg\" class=\"attachment-large size-large wp-image-186\" alt=\"\" srcset=\"https:\/\/chelmymasa.com\/wp-content\/uploads\/2024\/01\/IMG_20210701_183243801-768x1024-1.jpg 768w, https:\/\/chelmymasa.com\/wp-content\/uploads\/2024\/01\/IMG_20210701_183243801-768x1024-1-225x300.jpg 225w\" sizes=\"(max-width: 768px) 100vw, 768px\" \/>\t\t\t\t\t\t\t\t\t\t\t\t\t<\/div>\n\t\t\t\t<\/div>\n\t\t\t\t<\/div>\n\t\t\t\t\t<\/div>\n\t\t\t\t<\/div>\n\t\t<div class=\"elementor-element elementor-element-abc99bd e-flex e-con-boxed e-con e-parent\" data-id=\"abc99bd\" data-element_type=\"container\">\n\t\t\t\t\t<div class=\"e-con-inner\">\n\t\t<div class=\"elementor-element elementor-element-3799f50 e-con-full e-flex e-con e-child\" data-id=\"3799f50\" data-element_type=\"container\">\n\t\t\t\t<div class=\"elementor-element elementor-element-32d741d elementor-widget__width-initial elementor-widget elementor-widget-text-editor\" data-id=\"32d741d\" data-element_type=\"widget\" data-widget_type=\"text-editor.default\">\n\t\t\t\t<div class=\"elementor-widget-container\">\n\t\t\t\t\t\t\t<p>Attention: on ne pratique pas de massage abdominale sur:<\/p><p>-femme enceinte ou portant un st\u00e9rilet ou ayant ses r\u00e8gles,<\/p><p>-personne pr\u00e9sentant une inflammation,<\/p><p>-sur une personne souffrant d&rsquo;ulc\u00e8re d&rsquo;estomac ou de pathologie intestinale grave.<\/p>\t\t\t\t\t\t<\/div>\n\t\t\t\t<\/div>\n\t\t\t\t<\/div>\n\t\t<div class=\"elementor-element elementor-element-9b88f5d e-con-full e-flex e-con e-child\" data-id=\"9b88f5d\" data-element_type=\"container\">\n\t\t\t\t<div class=\"elementor-element elementor-element-aaaeea1 elementor-widget elementor-widget-image\" data-id=\"aaaeea1\" data-element_type=\"widget\" data-widget_type=\"image.default\">\n\t\t\t\t<div class=\"elementor-widget-container\">\n\t\t\t\t\t\t\t\t\t\t\t\t\t<img decoding=\"async\" width=\"225\" height=\"300\" src=\"https:\/\/chelmymasa.com\/wp-content\/uploads\/2024\/01\/IMG_20210701_183314786-1152x1536-1-225x300.jpg\" class=\"attachment-medium size-medium wp-image-201\" alt=\"\" srcset=\"https:\/\/chelmymasa.com\/wp-content\/uploads\/2024\/01\/IMG_20210701_183314786-1152x1536-1-225x300.jpg 225w, https:\/\/chelmymasa.com\/wp-content\/uploads\/2024\/01\/IMG_20210701_183314786-1152x1536-1-768x1024.jpg 768w, https:\/\/chelmymasa.com\/wp-content\/uploads\/2024\/01\/IMG_20210701_183314786-1152x1536-1.jpg 1152w\" sizes=\"(max-width: 225px) 100vw, 225px\" \/>\t\t\t\t\t\t\t\t\t\t\t\t\t<\/div>\n\t\t\t\t<\/div>\n\t\t\t\t<\/div>\n\t\t<div class=\"elementor-element elementor-element-e80d0a3 e-con-full e-flex e-con e-child\" data-id=\"e80d0a3\" data-element_type=\"container\">\n\t\t\t\t<div class=\"elementor-element elementor-element-eaebca4 elementor-widget elementor-widget-text-editor\" data-id=\"eaebca4\" data-element_type=\"widget\" data-widget_type=\"text-editor.default\">\n\t\t\t\t<div class=\"elementor-widget-container\">\n\t\t\t\t\t\t\t<p>Tarification :<\/p><p>Massage abdominal (40 min) : 45 Euros<\/p><p>Massage californien (1h) : 90 Euros<\/p><p>Massage du dos + nuque (40 min) : 45 Euros<\/p>\t\t\t\t\t\t<\/div>\n\t\t\t\t<\/div>\n\t\t\t\t<\/div>\n\t\t\t\t\t<\/div>\n\t\t\t\t<\/div>\n\t\t<div class=\"elementor-element elementor-element-c33915b e-flex e-con-boxed e-con e-parent\" data-id=\"c33915b\" data-element_type=\"container\">\n\t\t\t\t\t<div class=\"e-con-inner\">\n\t\t\t\t<div class=\"elementor-element elementor-element-70915b7 elementor-widget elementor-widget-image\" data-id=\"70915b7\" data-element_type=\"widget\" data-widget_type=\"image.default\">\n\t\t\t\t<div class=\"elementor-widget-container\">\n\t\t\t\t\t\t\t\t\t\t\t\t\t<img loading=\"lazy\" decoding=\"async\" width=\"225\" height=\"300\" src=\"https:\/\/chelmymasa.com\/wp-content\/uploads\/2024\/01\/IMG_20210721_104706727-225x300-1.jpg\" class=\"attachment-medium_large size-medium_large wp-image-255\" alt=\"\" \/>\t\t\t\t\t\t\t\t\t\t\t\t\t<\/div>\n\t\t\t\t<\/div>\n\t\t\t\t\t<\/div>\n\t\t\t\t<\/div>\n\t\t\t\t<\/div>\n\t\t","protected":false},"excerpt":{"rendered":"<p>Atelier Massage Le massage des organes est un massage profond du ventre qui permet d&rsquo;atteindre, par pression, les visc\u00e8res digestifs tr\u00e8s enfouis dans l&rsquo;abdomen tel que l&rsquo;intestin gr\u00eale, le foie ou la v\u00e9sicule biliaire par exemple. Ce massage est tr\u00e8s efficaces pour : -la d\u00e9tente des organes, il lib\u00e8re du stress et des tensions -il [&hellip;]<\/p>\n","protected":false},"author":1,"featured_media":0,"parent":0,"menu_order":0,"comment_status":"closed","ping_status":"closed","template":"","meta":{"footnotes":""},"_links":{"self":[{"href":"https:\/\/chelmymasa.com\/index.php\/wp-json\/wp\/v2\/pages\/458"}],"collection":[{"href":"https:\/\/chelmymasa.com\/index.php\/wp-json\/wp\/v2\/pages"}],"about":[{"href":"https:\/\/chelmymasa.com\/index.php\/wp-json\/wp\/v2\/types\/page"}],"author":[{"embeddable":true,"href":"https:\/\/chelmymasa.com\/index.php\/wp-json\/wp\/v2\/users\/1"}],"replies":[{"embeddable":true,"href":"https:\/\/chelmymasa.com\/index.php\/wp-json\/wp\/v2\/comments?post=458"}],"version-history":[{"count":46,"href":"https:\/\/chelmymasa.com\/index.php\/wp-json\/wp\/v2\/pages\/458\/revisions"}],"predecessor-version":[{"id":1090,"href":"https:\/\/chelmymasa.com\/index.php\/wp-json\/wp\/v2\/pages\/458\/revisions\/1090"}],"wp:attachment":[{"href":"https:\/\/chelmymasa.com\/index.php\/wp-json\/wp\/v2\/media?parent=458"}],"curies":[{"name":"wp","href":"https:\/\/api.w.org\/{rel}","templated":true}]}}