{"id":456,"date":"2024-03-06T15:44:21","date_gmt":"2024-03-06T14:44:21","guid":{"rendered":"https:\/\/chelmymasa.com\/?page_id=456"},"modified":"2024-06-18T13:20:51","modified_gmt":"2024-06-18T11:20:51","slug":"crusine","status":"publish","type":"page","link":"https:\/\/chelmymasa.com\/index.php\/crusine\/","title":{"rendered":"Crusine"},"content":{"rendered":"\t\t<div data-elementor-type=\"wp-page\" data-elementor-id=\"456\" class=\"elementor elementor-456\" data-elementor-post-type=\"page\">\n\t\t\t\t<div class=\"elementor-element elementor-element-95fe0b5 e-flex e-con-boxed e-con e-parent\" data-id=\"95fe0b5\" data-element_type=\"container\">\n\t\t\t\t\t<div class=\"e-con-inner\">\n\t\t\t\t<div class=\"elementor-element elementor-element-03f37c5 elementor-widget elementor-widget-heading\" data-id=\"03f37c5\" data-element_type=\"widget\" data-widget_type=\"heading.default\">\n\t\t\t\t<div class=\"elementor-widget-container\">\n\t\t\t<style>\/*! elementor - v3.21.0 - 26-05-2024 *\/\n.elementor-heading-title{padding:0;margin:0;line-height:1}.elementor-widget-heading .elementor-heading-title[class*=elementor-size-]>a{color:inherit;font-size:inherit;line-height:inherit}.elementor-widget-heading .elementor-heading-title.elementor-size-small{font-size:15px}.elementor-widget-heading .elementor-heading-title.elementor-size-medium{font-size:19px}.elementor-widget-heading .elementor-heading-title.elementor-size-large{font-size:29px}.elementor-widget-heading .elementor-heading-title.elementor-size-xl{font-size:39px}.elementor-widget-heading .elementor-heading-title.elementor-size-xxl{font-size:59px}<\/style><h2 class=\"elementor-heading-title elementor-size-default\">Ateliers Crusine: L'alimentation vivante<\/h2>\t\t<\/div>\n\t\t\t\t<\/div>\n\t\t\t\t\t<\/div>\n\t\t\t\t<\/div>\n\t\t<div class=\"elementor-element elementor-element-05e169c e-flex e-con-boxed e-con e-parent\" data-id=\"05e169c\" data-element_type=\"container\">\n\t\t\t\t\t<div class=\"e-con-inner\">\n\t\t\t\t\t<\/div>\n\t\t\t\t<\/div>\n\t\t<div class=\"elementor-element elementor-element-7eb3c85 e-flex e-con-boxed e-con e-parent\" data-id=\"7eb3c85\" data-element_type=\"container\">\n\t\t\t\t\t<div class=\"e-con-inner\">\n\t\t<div class=\"elementor-element elementor-element-20ae520 e-con-full e-flex e-con e-child\" data-id=\"20ae520\" data-element_type=\"container\">\n\t\t\t\t<div class=\"elementor-element elementor-element-e1f982c elementor-widget elementor-widget-image\" data-id=\"e1f982c\" data-element_type=\"widget\" data-widget_type=\"image.default\">\n\t\t\t\t<div class=\"elementor-widget-container\">\n\t\t\t<style>\/*! elementor - v3.21.0 - 26-05-2024 *\/\n.elementor-widget-image{text-align:center}.elementor-widget-image a{display:inline-block}.elementor-widget-image a img[src$=\".svg\"]{width:48px}.elementor-widget-image img{vertical-align:middle;display:inline-block}<\/style>\t\t\t\t\t\t\t\t\t\t<img decoding=\"async\" src=\"https:\/\/chelmymasa.com\/wp-content\/uploads\/2024\/01\/root-vegetable-salad-1536x1025-1.jpg\" title=\"\" alt=\"\" loading=\"lazy\" \/>\t\t\t\t\t\t\t\t\t\t\t\t\t<\/div>\n\t\t\t\t<\/div>\n\t\t\t\t<\/div>\n\t\t<div class=\"elementor-element elementor-element-31555e5 e-con-full e-flex e-con e-child\" data-id=\"31555e5\" data-element_type=\"container\">\n\t\t\t\t<div class=\"elementor-element elementor-element-f45a981 elementor-widget elementor-widget-image\" data-id=\"f45a981\" data-element_type=\"widget\" data-widget_type=\"image.default\">\n\t\t\t\t<div class=\"elementor-widget-container\">\n\t\t\t\t\t\t\t\t\t\t\t\t\t<img decoding=\"async\" src=\"https:\/\/chelmymasa.com\/wp-content\/uploads\/2024\/01\/pexels-nadine-wuchenauer-1563636-1024x683-1.jpg\" title=\"\" alt=\"\" loading=\"lazy\" \/>\t\t\t\t\t\t\t\t\t\t\t\t\t<\/div>\n\t\t\t\t<\/div>\n\t\t\t\t<\/div>\n\t\t<div class=\"elementor-element elementor-element-0b8b644 e-con-full e-flex e-con e-child\" data-id=\"0b8b644\" data-element_type=\"container\">\n\t\t\t\t<div class=\"elementor-element elementor-element-0f9dbc6 elementor-widget elementor-widget-image\" data-id=\"0f9dbc6\" data-element_type=\"widget\" data-widget_type=\"image.default\">\n\t\t\t\t<div class=\"elementor-widget-container\">\n\t\t\t\t\t\t\t\t\t\t\t\t\t<img fetchpriority=\"high\" decoding=\"async\" width=\"800\" height=\"534\" src=\"https:\/\/chelmymasa.com\/wp-content\/uploads\/2024\/01\/pexels-lisa-1351238-1-1024x683-1.jpg\" class=\"attachment-large size-large wp-image-380\" alt=\"\" srcset=\"https:\/\/chelmymasa.com\/wp-content\/uploads\/2024\/01\/pexels-lisa-1351238-1-1024x683-1.jpg 1024w, https:\/\/chelmymasa.com\/wp-content\/uploads\/2024\/01\/pexels-lisa-1351238-1-1024x683-1-300x200.jpg 300w, https:\/\/chelmymasa.com\/wp-content\/uploads\/2024\/01\/pexels-lisa-1351238-1-1024x683-1-768x512.jpg 768w\" sizes=\"(max-width: 800px) 100vw, 800px\" \/>\t\t\t\t\t\t\t\t\t\t\t\t\t<\/div>\n\t\t\t\t<\/div>\n\t\t\t\t<\/div>\n\t\t<div class=\"elementor-element elementor-element-26c5170 e-con-full e-flex e-con e-child\" data-id=\"26c5170\" data-element_type=\"container\">\n\t\t\t\t<div class=\"elementor-element elementor-element-2132c83 elementor-widget elementor-widget-text-editor\" data-id=\"2132c83\" data-element_type=\"widget\" data-widget_type=\"text-editor.default\">\n\t\t\t\t<div class=\"elementor-widget-container\">\n\t\t\t<style>\/*! elementor - v3.21.0 - 26-05-2024 *\/\n.elementor-widget-text-editor.elementor-drop-cap-view-stacked .elementor-drop-cap{background-color:#69727d;color:#fff}.elementor-widget-text-editor.elementor-drop-cap-view-framed .elementor-drop-cap{color:#69727d;border:3px solid;background-color:transparent}.elementor-widget-text-editor:not(.elementor-drop-cap-view-default) .elementor-drop-cap{margin-top:8px}.elementor-widget-text-editor:not(.elementor-drop-cap-view-default) .elementor-drop-cap-letter{width:1em;height:1em}.elementor-widget-text-editor .elementor-drop-cap{float:left;text-align:center;line-height:1;font-size:50px}.elementor-widget-text-editor .elementor-drop-cap-letter{display:inline-block}<\/style>\t\t\t\t<p>Des ateliers pour apprendre \u00e0 cuisiner selon les principes d&rsquo;une alimentation vivifiante, c&rsquo;est \u00e0 dire, une alimentation tr\u00e8s nutritive qui booste l&rsquo;\u00e9nergie vitale.<\/p><p>Comprendre les m\u00e9canismes en jeu lors du passage d&rsquo;une alimentation conventionnelle \u00e0 une alimentation crue.<\/p><p>Retrouver les plaisirs d&rsquo;une alimentation saine \u00e0 travers la r\u00e9alisation de jus de l\u00e9gumes et fruits biologiques, frais et de saison, v\u00e9ritables concentr\u00e9s nutritifs,\u00a0<\/p><p>ainsi que\u00a0 toutes les composantes de nos d\u00e9licieuses recettes gourmandes crues et cuites.<\/p><p>\u00a0<\/p><p>Contactez nous pour plus d&rsquo;informations sur nos ateliers.<\/p>\t\t\t\t\t\t<\/div>\n\t\t\t\t<\/div>\n\t\t\t\t<div class=\"elementor-element elementor-element-224f8c3 elementor-widget elementor-widget-text-editor\" data-id=\"224f8c3\" data-element_type=\"widget\" data-widget_type=\"text-editor.default\">\n\t\t\t\t<div class=\"elementor-widget-container\">\n\t\t\t\t\t\t\t<p>Tarification des ateliers crusine :<\/p><p>1 Atelier Crusine (3h) : 80 Euros\u00a0 \u00ab\u00a0tout compris\u00a0\u00bb<\/p>\t\t\t\t\t\t<\/div>\n\t\t\t\t<\/div>\n\t\t\t\t<\/div>\n\t\t\t\t\t<\/div>\n\t\t\t\t<\/div>\n\t\t<div class=\"elementor-element elementor-element-8239490 e-grid e-con-full e-con e-parent\" data-id=\"8239490\" data-element_type=\"container\">\n\t\t\t\t<div class=\"elementor-element elementor-element-30cbb5e elementor-widget elementor-widget-image\" data-id=\"30cbb5e\" data-element_type=\"widget\" data-widget_type=\"image.default\">\n\t\t\t\t<div class=\"elementor-widget-container\">\n\t\t\t\t\t\t\t\t\t\t\t\t\t<img decoding=\"async\" src=\"https:\/\/chelmymasa.com\/wp-content\/uploads\/elementor\/thumbs\/IMG-20240611-WA0019-qpk2iq6x69vsmzv9f2tylm6gcgp9rzxys0kei8mr6o.jpg\" title=\"IMG-20240611-WA0019\" alt=\"IMG-20240611-WA0019\" loading=\"lazy\" \/>\t\t\t\t\t\t\t\t\t\t\t\t\t<\/div>\n\t\t\t\t<\/div>\n\t\t\t\t<div class=\"elementor-element elementor-element-3d321d6 elementor-widget elementor-widget-image\" data-id=\"3d321d6\" data-element_type=\"widget\" data-widget_type=\"image.default\">\n\t\t\t\t<div class=\"elementor-widget-container\">\n\t\t\t\t\t\t\t\t\t\t\t\t\t<img decoding=\"async\" src=\"https:\/\/chelmymasa.com\/wp-content\/uploads\/2024\/03\/1709660571366.jpg\" title=\"1709660571366\" alt=\"1709660571366\" loading=\"lazy\" \/>\t\t\t\t\t\t\t\t\t\t\t\t\t<\/div>\n\t\t\t\t<\/div>\n\t\t\t\t<\/div>\n\t\t<div class=\"elementor-element elementor-element-e4cc737 e-flex e-con-boxed e-con e-parent\" data-id=\"e4cc737\" data-element_type=\"container\">\n\t\t\t\t\t<div class=\"e-con-inner\">\n\t\t\t\t<div class=\"elementor-element elementor-element-b2f50a6 elementor-widget elementor-widget-heading\" data-id=\"b2f50a6\" data-element_type=\"widget\" data-widget_type=\"heading.default\">\n\t\t\t\t<div class=\"elementor-widget-container\">\n\t\t\t<h2 class=\"elementor-heading-title elementor-size-default\">\ncuisine gourmande et tr\u00e8s saine pour les besoins de l'organisme.\n<\/h2>\t\t<\/div>\n\t\t\t\t<\/div>\n\t\t\t\t\t<\/div>\n\t\t\t\t<\/div>\n\t\t\t\t<\/div>\n\t\t","protected":false},"excerpt":{"rendered":"<p>Ateliers Crusine: L&rsquo;alimentation vivante Des ateliers pour apprendre \u00e0 cuisiner selon les principes d&rsquo;une alimentation vivifiante, c&rsquo;est \u00e0 dire, une alimentation tr\u00e8s nutritive qui booste l&rsquo;\u00e9nergie vitale. Comprendre les m\u00e9canismes en jeu lors du passage d&rsquo;une alimentation conventionnelle \u00e0 une alimentation crue. Retrouver les plaisirs d&rsquo;une alimentation saine \u00e0 travers la r\u00e9alisation de jus de [&hellip;]<\/p>\n","protected":false},"author":1,"featured_media":0,"parent":0,"menu_order":0,"comment_status":"closed","ping_status":"closed","template":"","meta":{"footnotes":""},"_links":{"self":[{"href":"https:\/\/chelmymasa.com\/index.php\/wp-json\/wp\/v2\/pages\/456"}],"collection":[{"href":"https:\/\/chelmymasa.com\/index.php\/wp-json\/wp\/v2\/pages"}],"about":[{"href":"https:\/\/chelmymasa.com\/index.php\/wp-json\/wp\/v2\/types\/page"}],"author":[{"embeddable":true,"href":"https:\/\/chelmymasa.com\/index.php\/wp-json\/wp\/v2\/users\/1"}],"replies":[{"embeddable":true,"href":"https:\/\/chelmymasa.com\/index.php\/wp-json\/wp\/v2\/comments?post=456"}],"version-history":[{"count":61,"href":"https:\/\/chelmymasa.com\/index.php\/wp-json\/wp\/v2\/pages\/456\/revisions"}],"predecessor-version":[{"id":1009,"href":"https:\/\/chelmymasa.com\/index.php\/wp-json\/wp\/v2\/pages\/456\/revisions\/1009"}],"wp:attachment":[{"href":"https:\/\/chelmymasa.com\/index.php\/wp-json\/wp\/v2\/media?parent=456"}],"curies":[{"name":"wp","href":"https:\/\/api.w.org\/{rel}","templated":true}]}}