{"id":454,"date":"2024-03-06T15:44:00","date_gmt":"2024-03-06T14:44:00","guid":{"rendered":"https:\/\/chelmymasa.com\/?page_id=454"},"modified":"2024-06-18T11:51:46","modified_gmt":"2024-06-18T09:51:46","slug":"consultation","status":"publish","type":"page","link":"https:\/\/chelmymasa.com\/index.php\/consultation\/","title":{"rendered":"Consultation"},"content":{"rendered":"\t\t<div data-elementor-type=\"wp-page\" data-elementor-id=\"454\" class=\"elementor elementor-454\" data-elementor-post-type=\"page\">\n\t\t\t\t<div class=\"elementor-element elementor-element-ac31ec6 e-flex e-con-boxed e-con e-parent\" data-id=\"ac31ec6\" data-element_type=\"container\">\n\t\t\t\t\t<div class=\"e-con-inner\">\n\t\t<div class=\"elementor-element elementor-element-d56489d e-con-full e-flex e-con e-child\" data-id=\"d56489d\" data-element_type=\"container\" data-settings=\"{&quot;motion_fx_motion_fx_scrolling&quot;:&quot;yes&quot;,&quot;motion_fx_devices&quot;:[&quot;desktop&quot;,&quot;tablet&quot;,&quot;mobile&quot;]}\">\n\t\t\t\t<div class=\"elementor-element elementor-element-4dc040a elementor--h-position-center elementor--v-position-middle elementor-arrows-position-inside elementor-pagination-position-inside elementor-widget elementor-widget-slides\" data-id=\"4dc040a\" data-element_type=\"widget\" data-settings=\"{&quot;navigation&quot;:&quot;both&quot;,&quot;autoplay&quot;:&quot;yes&quot;,&quot;pause_on_hover&quot;:&quot;yes&quot;,&quot;pause_on_interaction&quot;:&quot;yes&quot;,&quot;autoplay_speed&quot;:5000,&quot;infinite&quot;:&quot;yes&quot;,&quot;transition&quot;:&quot;slide&quot;,&quot;transition_speed&quot;:500}\" data-widget_type=\"slides.default\">\n\t\t\t\t<div class=\"elementor-widget-container\">\n\t\t\t<style>\/*! elementor-pro - v3.21.0 - 20-05-2024 *\/\n.elementor-slides .swiper-slide-bg{background-size:cover;background-position:50%;background-repeat:no-repeat;min-width:100%;min-height:100%}.elementor-slides .swiper-slide-inner{background-repeat:no-repeat;background-position:50%;position:absolute;top:0;left:0;bottom:0;right:0;padding:50px;margin:auto}.elementor-slides .swiper-slide-inner,.elementor-slides .swiper-slide-inner:hover{color:#fff;display:flex}.elementor-slides .swiper-slide-inner .elementor-background-overlay{position:absolute;z-index:0;top:0;bottom:0;left:0;right:0}.elementor-slides .swiper-slide-inner .elementor-slide-content{position:relative;z-index:1;width:100%}.elementor-slides .swiper-slide-inner .elementor-slide-heading{font-size:35px;font-weight:700;line-height:1}.elementor-slides .swiper-slide-inner .elementor-slide-description{font-size:17px;line-height:1.4}.elementor-slides .swiper-slide-inner .elementor-slide-description:not(:last-child),.elementor-slides .swiper-slide-inner .elementor-slide-heading:not(:last-child){margin-bottom:30px}.elementor-slides .swiper-slide-inner .elementor-slide-button{border:2px solid #fff;color:#fff;background:transparent;display:inline-block}.elementor-slides .swiper-slide-inner .elementor-slide-button,.elementor-slides .swiper-slide-inner .elementor-slide-button:hover{background:transparent;color:inherit;text-decoration:none}.elementor--v-position-top .swiper-slide-inner{align-items:flex-start}.elementor--v-position-bottom .swiper-slide-inner{align-items:flex-end}.elementor--v-position-middle .swiper-slide-inner{align-items:center}.elementor--h-position-left .swiper-slide-inner{justify-content:flex-start}.elementor--h-position-right .swiper-slide-inner{justify-content:flex-end}.elementor--h-position-center .swiper-slide-inner{justify-content:center}body.rtl .elementor-widget-slides .elementor-swiper-button-next{left:10px;right:auto}body.rtl .elementor-widget-slides .elementor-swiper-button-prev{right:10px;left:auto}.elementor-slides-wrapper div:not(.swiper-slide)>.swiper-slide-inner{display:none}@media (max-width:767px){.elementor-slides .swiper-slide-inner{padding:30px}.elementor-slides .swiper-slide-inner .elementor-slide-heading{font-size:23px;line-height:1;margin-bottom:15px}.elementor-slides .swiper-slide-inner .elementor-slide-description{font-size:13px;line-height:1.4;margin-bottom:15px}}<\/style>\t\t<div class=\"elementor-swiper\">\n\t\t\t<div class=\"elementor-slides-wrapper elementor-main-swiper swiper\" dir=\"ltr\" data-animation=\"fadeInUp\">\n\t\t\t\t<div class=\"swiper-wrapper elementor-slides\">\n\t\t\t\t\t\t\t\t\t\t<div class=\"elementor-repeater-item-9490561 swiper-slide\"><div class=\"swiper-slide-bg\" role=\"img\"><\/div><div class=\"swiper-slide-inner\" ><div class=\"swiper-slide-contents\"><\/div><\/div><\/div><div class=\"elementor-repeater-item-6f0f1af swiper-slide\"><div class=\"swiper-slide-bg\" role=\"img\"><\/div><div class=\"swiper-slide-inner\" ><div class=\"swiper-slide-contents\"><\/div><\/div><\/div><div class=\"elementor-repeater-item-99f1dba swiper-slide\"><div class=\"swiper-slide-bg\" role=\"img\"><\/div><div class=\"swiper-slide-inner\" ><div class=\"swiper-slide-contents\"><\/div><\/div><\/div>\t\t\t\t<\/div>\n\t\t\t\t\t\t\t\t\t\t\t\t\t\t\t<div class=\"swiper-pagination\"><\/div>\n\t\t\t\t\t\t\t\t\t\t\t\t\t\t\t\t<div class=\"elementor-swiper-button elementor-swiper-button-prev\" role=\"button\" tabindex=\"0\">\n\t\t\t\t\t\t\t<svg aria-hidden=\"true\" class=\"e-font-icon-svg e-eicon-chevron-left\" viewBox=\"0 0 1000 1000\" xmlns=\"http:\/\/www.w3.org\/2000\/svg\"><path d=\"M646 125C629 125 613 133 604 142L308 442C296 454 292 471 292 487 292 504 296 521 308 533L604 854C617 867 629 875 646 875 663 875 679 871 692 858 704 846 713 829 713 812 713 796 708 779 692 767L438 487 692 225C700 217 708 204 708 187 708 171 704 154 692 142 675 129 663 125 646 125Z\"><\/path><\/svg>\t\t\t\t\t\t\t<span class=\"elementor-screen-only\">Diapositive pr\u00e9c\u00e9dente<\/span>\n\t\t\t\t\t\t<\/div>\n\t\t\t\t\t\t<div class=\"elementor-swiper-button elementor-swiper-button-next\" role=\"button\" tabindex=\"0\">\n\t\t\t\t\t\t\t<svg aria-hidden=\"true\" class=\"e-font-icon-svg e-eicon-chevron-right\" viewBox=\"0 0 1000 1000\" xmlns=\"http:\/\/www.w3.org\/2000\/svg\"><path d=\"M696 533C708 521 713 504 713 487 713 471 708 454 696 446L400 146C388 133 375 125 354 125 338 125 325 129 313 142 300 154 292 171 292 187 292 204 296 221 308 233L563 492 304 771C292 783 288 800 288 817 288 833 296 850 308 863 321 871 338 875 354 875 371 875 388 867 400 854L696 533Z\"><\/path><\/svg>\t\t\t\t\t\t\t<span class=\"elementor-screen-only\">Diapositive suivante<\/span>\n\t\t\t\t\t\t<\/div>\n\t\t\t\t\t\t\t\t\t\t\t\t<\/div>\n\t\t<\/div>\n\t\t\t\t<\/div>\n\t\t\t\t<\/div>\n\t\t\t\t<\/div>\n\t\t<div class=\"elementor-element elementor-element-de544f3 e-con-full e-flex e-con e-child\" data-id=\"de544f3\" data-element_type=\"container\">\n\t\t\t\t<div class=\"elementor-element elementor-element-bf71c9f elementor-widget elementor-widget-heading\" data-id=\"bf71c9f\" data-element_type=\"widget\" data-widget_type=\"heading.default\">\n\t\t\t\t<div class=\"elementor-widget-container\">\n\t\t\t<style>\/*! elementor - v3.21.0 - 26-05-2024 *\/\n.elementor-heading-title{padding:0;margin:0;line-height:1}.elementor-widget-heading .elementor-heading-title[class*=elementor-size-]>a{color:inherit;font-size:inherit;line-height:inherit}.elementor-widget-heading .elementor-heading-title.elementor-size-small{font-size:15px}.elementor-widget-heading .elementor-heading-title.elementor-size-medium{font-size:19px}.elementor-widget-heading .elementor-heading-title.elementor-size-large{font-size:29px}.elementor-widget-heading .elementor-heading-title.elementor-size-xl{font-size:39px}.elementor-widget-heading .elementor-heading-title.elementor-size-xxl{font-size:59px}<\/style><h2 class=\"elementor-heading-title elementor-size-default\">Consultation<\/h2>\t\t<\/div>\n\t\t\t\t<\/div>\n\t\t\t\t<div class=\"elementor-element elementor-element-24fc9f3 elementor-widget elementor-widget-text-editor\" data-id=\"24fc9f3\" data-element_type=\"widget\" data-widget_type=\"text-editor.default\">\n\t\t\t\t<div class=\"elementor-widget-container\">\n\t\t\t<style>\/*! elementor - v3.21.0 - 26-05-2024 *\/\n.elementor-widget-text-editor.elementor-drop-cap-view-stacked .elementor-drop-cap{background-color:#69727d;color:#fff}.elementor-widget-text-editor.elementor-drop-cap-view-framed .elementor-drop-cap{color:#69727d;border:3px solid;background-color:transparent}.elementor-widget-text-editor:not(.elementor-drop-cap-view-default) .elementor-drop-cap{margin-top:8px}.elementor-widget-text-editor:not(.elementor-drop-cap-view-default) .elementor-drop-cap-letter{width:1em;height:1em}.elementor-widget-text-editor .elementor-drop-cap{float:left;text-align:center;line-height:1;font-size:50px}.elementor-widget-text-editor .elementor-drop-cap-letter{display:inline-block}<\/style>\t\t\t\t<p align=\"center\"><span style=\"font-family: Gabriola, fantasy;\"><span style=\"font-size: large;\">La naturopathie est un ensemble de techniques, ( nutrition, mouvements corporels, psychologie, \u00e9limination, \u2026) qui va te permettre, si tu les pratiques, de stimuler ton corps jusqu&rsquo;au niveau cellulaire (cellule nerveuse, osseuse, musculaire&#8230;) afin que cette plus petite unit\u00e9 du corps humain, la CELLULE, vibre suffisamment fort pour que la vie y soit maintenue. <\/span><\/span><\/p><p align=\"center\"><span style=\"font-family: Gabriola, fantasy;\"><span style=\"font-size: large;\">la naturopathie maintient l&rsquo;\u00e9quilibre global de l&rsquo;organisme, harmonise les 4 principaux corps (que sont les corps physique, mental, \u00e9motionnel, spirituel) durablement, et ce, pour tout \u00eatre vivant qui le souhaite, du petit enfant \u00e0 la personne \u00e2g\u00e9e, de l&rsquo;adulte bien portant qui d\u00e9sire maintenir sa sant\u00e9, au malade qui souhaite s&rsquo;en sortir car la naturopathie ne nuit pas au corps, elle est une source de vie r\u00e9g\u00e9n\u00e9ratrice et bienfaisante.<\/span><\/span><\/p><p align=\"center\"><span style=\"font-family: Gabriola, fantasy;\"><span style=\"font-size: large;\">Durant la premi\u00e8re s\u00e9ance appel\u00e9e\u00a0: \u00ab\u00a0le bilan de vitalit\u00e9\u00a0\u00bb, je d\u00e9termine ton temp\u00e9rament, ton taux d&rsquo;encrassement global, ta vitalit\u00e9, ainsi que ton souhait \u00e0 vouloir modifier, \u00e0 long terme, ce qui doit l&rsquo;\u00eatre.<\/span><\/span><\/p><p align=\"center\"><span style=\"font-family: Gabriola, fantasy;\"><span style=\"font-size: large;\">Ainsi, on s&rsquo;approche de la cause fondamentale du probl\u00e8me, sa source.<\/span><\/span><\/p><p align=\"center\"><span style=\"font-family: Gabriola, fantasy;\"><span style=\"font-size: large;\">Accessible par tous, en appliquant\u00a0 ces techniques, tu reprends le contr\u00f4le de ton \u00e9tat global (les 4 corps) afin d&rsquo;estomper les souffrances, retrouver la joie, et le plaisir de vivre sans douleur, en douceur.<\/span><\/span><\/p>\t\t\t\t\t\t<\/div>\n\t\t\t\t<\/div>\n\t\t\t\t<\/div>\n\t\t\t\t\t<\/div>\n\t\t\t\t<\/div>\n\t\t<div class=\"elementor-element elementor-element-5e676c4 e-flex e-con-boxed e-con e-parent\" data-id=\"5e676c4\" data-element_type=\"container\">\n\t\t\t\t\t<div class=\"e-con-inner\">\n\t\t<div class=\"elementor-element elementor-element-124fc8b e-con-full e-flex e-con e-child\" data-id=\"124fc8b\" data-element_type=\"container\">\n\t\t\t\t<div class=\"elementor-element elementor-element-36763a7 elementor-widget elementor-widget-heading\" data-id=\"36763a7\" data-element_type=\"widget\" data-widget_type=\"heading.default\">\n\t\t\t\t<div class=\"elementor-widget-container\">\n\t\t\t<h2 class=\"elementor-heading-title elementor-size-default\">La naturopathie : de la pr\u00e9vention fondamentale<\/h2>\t\t<\/div>\n\t\t\t\t<\/div>\n\t\t\t\t<div class=\"elementor-element elementor-element-9361022 elementor-widget elementor-widget-text-editor\" data-id=\"9361022\" data-element_type=\"widget\" data-widget_type=\"text-editor.default\">\n\t\t\t\t<div class=\"elementor-widget-container\">\n\t\t\t\t\t\t\t<p align=\"center\"><span style=\"font-family: Gabriola, fantasy;\"><span style=\"font-size: large;\">La Pr\u00e9vention en naturopathie est l&rsquo;ensemble des moyens mis en \u0153uvre pour \u00e9viter l&rsquo;apparition et l&rsquo;expansion de maladies ou la d\u00e9gradation de l&rsquo;\u00e9tat de notre organisme dans sa globalit\u00e9.<\/span><\/span><\/p><p align=\"center\"><span style=\"font-family: Gabriola, fantasy;\"><span style=\"font-size: large;\"> \u00ab <b>pr\u00e9vention<\/b> \u00bb d\u00e9signe une action visant \u00e0 anticiper et \u00e0 emp\u00eacher l&rsquo;apparition de troubles n\u00e9fastes \u00e0 l&rsquo;\u00e9quilibre fragile de nos syst\u00e8mes organique, \u00e9motionnel, \u00e9nerg\u00e9tique, mental et spirituel.<\/span><\/span><\/p><p align=\"center\"><span style=\"font-family: Gabriola, fantasy;\"><span style=\"font-size: large;\">\u00a0Nous allons porter de l&rsquo;attention sur<\/span><\/span><span style=\"font-family: Gabriola, fantasy;\"><span style=\"font-size: large;\">\u00a0ce qui te nuit gravement, au point de te rendre malade&#8230; <\/span><\/span><\/p><p align=\"center\"><span style=\"font-family: Gabriola, fantasy;\"><span style=\"font-size: large;\">La maladie d\u00e9bute quand ?<\/span><\/span><\/p><p align=\"center\"><span style=\"font-family: Gabriola, fantasy;\"><span style=\"font-size: large;\">Chute des cheveux, plaques de boutons, ongles cassants, dents cari\u00e9es, teint gris, mauvaise humeur, fatigue chronique, agressivit\u00e9 , d\u00e9pression&#8230; <\/span><\/span><\/p><p align=\"center\"><span style=\"font-family: Gabriola, fantasy;\"><span style=\"font-size: large;\">quelques exemples de sympt\u00f4mes banalis\u00e9s, tol\u00e9r\u00e9s, accept\u00e9s&#8230; on vit avec.<\/span><\/span><\/p><p align=\"center\"><span style=\"font-family: Gabriola, fantasy;\"><span style=\"font-size: large;\">Pourtant, n&rsquo;est ce pas, le d\u00e9but des signaux d&rsquo;alarmes du corps, pr\u00e9mices d&rsquo;une \u00e9volution pathologique si l&rsquo;on ne fait rien ?<\/span><\/span><\/p><p align=\"center\"><span style=\"font-family: Gabriola, fantasy;\"><span style=\"font-size: large;\">Combien d&rsquo;entre nous vivent des ann\u00e9es durant, avec des verrues aux pieds, des furoncles sur le dos, la peau grasse, une mauvaise haleine ou une sueur odorante, des ballonnements, des gazs, de la constipation chronique, les jambes enfl\u00e9es,&#8230; la liste est longue.<\/span><\/span><\/p><p align=\"center\"><span style=\"font-family: Gabriola, fantasy;\"><span style=\"font-size: large;\">C&rsquo;est le d\u00e9but de l&rsquo;encrassement du corps.<\/span><\/span><\/p><p align=\"center\"><span style=\"font-family: Gabriola, fantasy;\"><span style=\"font-size: large;\">Il existe des moyens pour r\u00e9tablir l&rsquo;\u00e9quilibre, reprendre le contr\u00f4le sur ton corps et je t&rsquo;aiderai \u00e0 les d\u00e9couvrir <\/span><\/span><\/p><p align=\"center\"><span style=\"font-family: Gabriola, fantasy;\"><span style=\"font-size: large;\">Et tu te rendras compte que cela change tout.<\/span><\/span><\/p>\t\t\t\t\t\t<\/div>\n\t\t\t\t<\/div>\n\t\t\t\t<\/div>\n\t\t<div class=\"elementor-element elementor-element-ec1b2bb e-flex e-con-boxed e-con e-child\" data-id=\"ec1b2bb\" data-element_type=\"container\">\n\t\t\t\t\t<div class=\"e-con-inner\">\n\t\t\t\t<div class=\"elementor-element elementor-element-1c0dddc elementor-widget elementor-widget-image\" data-id=\"1c0dddc\" data-element_type=\"widget\" data-widget_type=\"image.default\">\n\t\t\t\t<div class=\"elementor-widget-container\">\n\t\t\t<style>\/*! elementor - v3.21.0 - 26-05-2024 *\/\n.elementor-widget-image{text-align:center}.elementor-widget-image a{display:inline-block}.elementor-widget-image a img[src$=\".svg\"]{width:48px}.elementor-widget-image img{vertical-align:middle;display:inline-block}<\/style>\t\t\t\t\t\t\t\t\t\t<img decoding=\"async\" src=\"https:\/\/chelmymasa.com\/wp-content\/uploads\/2024\/01\/Mon-schma-de-la-naturo-768x567-1.png\" title=\"Mon-schma-de-la-naturo-768&#215;567\" alt=\"Mon-schma-de-la-naturo-768x567\" loading=\"lazy\" \/>\t\t\t\t\t\t\t\t\t\t\t\t\t<\/div>\n\t\t\t\t<\/div>\n\t\t\t\t\t<\/div>\n\t\t\t\t<\/div>\n\t\t\t\t\t<\/div>\n\t\t\t\t<\/div>\n\t\t<div class=\"elementor-element elementor-element-9fc7367 e-flex e-con-boxed e-con e-parent\" data-id=\"9fc7367\" data-element_type=\"container\">\n\t\t\t\t\t<div class=\"e-con-inner\">\n\t\t<div class=\"elementor-element elementor-element-30cec89 e-con-full e-flex e-con e-child\" data-id=\"30cec89\" data-element_type=\"container\">\n\t\t\t\t<div class=\"elementor-element elementor-element-b07f937 e-transform elementor-widget elementor-widget-image\" data-id=\"b07f937\" data-element_type=\"widget\" data-settings=\"{&quot;_transform_translateX_effect&quot;:{&quot;unit&quot;:&quot;px&quot;,&quot;size&quot;:0,&quot;sizes&quot;:[]},&quot;_transform_translateY_effect&quot;:{&quot;unit&quot;:&quot;px&quot;,&quot;size&quot;:175,&quot;sizes&quot;:[]},&quot;_transform_translateX_effect_tablet&quot;:{&quot;unit&quot;:&quot;px&quot;,&quot;size&quot;:&quot;&quot;,&quot;sizes&quot;:[]},&quot;_transform_translateX_effect_mobile&quot;:{&quot;unit&quot;:&quot;px&quot;,&quot;size&quot;:&quot;&quot;,&quot;sizes&quot;:[]},&quot;_transform_translateY_effect_tablet&quot;:{&quot;unit&quot;:&quot;px&quot;,&quot;size&quot;:&quot;&quot;,&quot;sizes&quot;:[]},&quot;_transform_translateY_effect_mobile&quot;:{&quot;unit&quot;:&quot;px&quot;,&quot;size&quot;:&quot;&quot;,&quot;sizes&quot;:[]}}\" data-widget_type=\"image.default\">\n\t\t\t\t<div class=\"elementor-widget-container\">\n\t\t\t\t\t\t\t\t\t\t\t\t\t<img fetchpriority=\"high\" decoding=\"async\" width=\"800\" height=\"600\" src=\"https:\/\/chelmymasa.com\/wp-content\/uploads\/2024\/01\/IMG_20210818_171802516-1024x768-1.jpg\" class=\"attachment-large size-large wp-image-294\" alt=\"\" srcset=\"https:\/\/chelmymasa.com\/wp-content\/uploads\/2024\/01\/IMG_20210818_171802516-1024x768-1.jpg 1024w, https:\/\/chelmymasa.com\/wp-content\/uploads\/2024\/01\/IMG_20210818_171802516-1024x768-1-300x225.jpg 300w, https:\/\/chelmymasa.com\/wp-content\/uploads\/2024\/01\/IMG_20210818_171802516-1024x768-1-768x576.jpg 768w\" sizes=\"(max-width: 800px) 100vw, 800px\" \/>\t\t\t\t\t\t\t\t\t\t\t\t\t<\/div>\n\t\t\t\t<\/div>\n\t\t\t\t<\/div>\n\t\t<div class=\"elementor-element elementor-element-04c5d03 e-con-full e-flex e-con e-child\" data-id=\"04c5d03\" data-element_type=\"container\">\n\t\t\t\t<div class=\"elementor-element elementor-element-d23b4d0 elementor-widget elementor-widget-heading\" data-id=\"d23b4d0\" data-element_type=\"widget\" data-widget_type=\"heading.default\">\n\t\t\t\t<div class=\"elementor-widget-container\">\n\t\t\t<h2 class=\"elementor-heading-title elementor-size-default\">OUI MAIS CONCRETEMENT...<\/h2>\t\t<\/div>\n\t\t\t\t<\/div>\n\t\t\t\t<div class=\"elementor-element elementor-element-ded7b01 elementor-widget elementor-widget-text-editor\" data-id=\"ded7b01\" data-element_type=\"widget\" data-widget_type=\"text-editor.default\">\n\t\t\t\t<div class=\"elementor-widget-container\">\n\t\t\t\t\t\t\t<p align=\"center\"><span style=\"font-family: Gabriola, fantasy;\"><span style=\"font-size: large;\">La synth\u00e8se des techniques, c&rsquo;est \u00e0 dire l&rsquo;addition de celles ci et non pas une technique isol\u00e9e garantit la bonne sant\u00e9.<\/span><\/span><\/p><p align=\"center\"><span style=\"font-family: Gabriola, fantasy;\"><span style=\"font-size: large;\">\u00a0Quelques s\u00e9ances, pour reprendre le contr\u00f4le de ton \u00eatre global et booster ta vitalit\u00e9, puis tu n&rsquo;auras plus besoin de moi, tu seras devenu autonome. <\/span><\/span><\/p><p align=\"center\"><span style=\"font-family: Gabriola, fantasy;\"><span style=\"font-size: large;\">Tu sauras ce qui provoque la maladie, pourquoi tu\u00ab tombes malade \u00bb, et comment te gu\u00e9rir toi m\u00eame. <\/span><\/span><\/p><p align=\"center\"><span style=\"font-family: Gabriola, fantasy;\"><span style=\"font-size: large;\">Tu seras devenu responsable de ton corps.<\/span><\/span><\/p><p align=\"center\"><span style=\"font-family: Gabriola, fantasy;\"><span style=\"font-size: large;\">Mais avant de t&rsquo;exposer, en d\u00e9tail ces techniques, lors de notre premi\u00e8re rencontre, poses toi la question fondamentale :<\/span><\/span><\/p><p align=\"center\"><span style=\"font-family: Gabriola, fantasy;\"><span style=\"font-size: large;\"><b>es tu pr\u00eat \u00e0 changer ce qui te rend malade\u00a0? \u2026 <\/b><\/span><\/span><\/p><p align=\"center\"><span style=\"font-family: Gabriola, fantasy;\"><span style=\"font-size: large;\">Si tu d\u00e9cides de te lancer dans la naturopathie, certaines choses vont tout de suite aller mieux comme par exemple les probl\u00e8mes intestinaux (constipation&#8230;), troubles digestifs (lourdeur et d&rsquo;aigreur d&rsquo;estomac, ballonnements, faim&#8230;) perturbations nerveuses et hormonales (fatigue, agressivit\u00e9, instabilit\u00e9 hormonale&#8230;)&#8230; <\/span><\/span><\/p><p align=\"center\"><span style=\"font-family: Gabriola, fantasy;\"><span style=\"font-size: large;\">Mais comme Rome ne s &lsquo;est pas construit en un jour, accorde du temps \u00e0 ton corps pour faire le m\u00e9nage, faire de la place au profit des bons \u00e9l\u00e9ments nutritifs pour ton organisme.<\/span><\/span><\/p><p align=\"center\"><span style=\"font-family: Gabriola, fantasy;\"><span style=\"font-size: large;\">Tout changement doit se faire dans la douceur, le plaisir, et l&rsquo;acceptation de ce choix b\u00e9n\u00e9fique pour soi<\/span><\/span><\/p><p align=\"center\"><span style=\"font-family: Gabriola, fantasy;\"><span style=\"font-size: large;\">La naturopathie n&rsquo;est pas une course, c&rsquo;est un \u00e9tat d&rsquo;esprit, <\/span><\/span><span style=\"font-family: Gabriola, fantasy; font-size: large;\">un Art de vivre.<\/span><\/p><p align=\"center\"><span style=\"font-family: Gabriola, fantasy;\"><span style=\"font-size: large;\">Si tu te sens pr\u00eat \u00e0 tenter l&rsquo;aventure, je serai honor\u00e9e de t&rsquo;y accompagner.<\/span><\/span><\/p><p align=\"center\"><span style=\"font-family: Gabriola, fantasy;\"><span style=\"font-size: large;\">appelle moi\u00a0!<\/span><\/span><\/p>\t\t\t\t\t\t<\/div>\n\t\t\t\t<\/div>\n\t\t\t\t<\/div>\n\t\t\t\t\t<\/div>\n\t\t\t\t<\/div>\n\t\t<div class=\"elementor-element elementor-element-a5759c6 e-flex e-con-boxed e-con e-parent\" data-id=\"a5759c6\" data-element_type=\"container\">\n\t\t\t\t\t<div class=\"e-con-inner\">\n\t\t\t\t<div class=\"elementor-element elementor-element-9024230 elementor-widget__width-initial elementor-widget elementor-widget-heading\" data-id=\"9024230\" data-element_type=\"widget\" data-widget_type=\"heading.default\">\n\t\t\t\t<div class=\"elementor-widget-container\">\n\t\t\t<h2 class=\"elementor-heading-title elementor-size-default\">Tarification des consultations<\/h2>\t\t<\/div>\n\t\t\t\t<\/div>\n\t\t\t\t\t<\/div>\n\t\t\t\t<\/div>\n\t\t<div class=\"elementor-element elementor-element-112b770 e-flex e-con-boxed e-con e-parent\" data-id=\"112b770\" data-element_type=\"container\">\n\t\t\t\t\t<div class=\"e-con-inner\">\n\t\t<div class=\"elementor-element elementor-element-f396f95 e-con-full e-flex e-con e-child\" data-id=\"f396f95\" data-element_type=\"container\">\n\t\t\t\t<div class=\"elementor-element elementor-element-e783c61 elementor-widget__width-initial elementor-widget elementor-widget-heading\" data-id=\"e783c61\" data-element_type=\"widget\" data-widget_type=\"heading.default\">\n\t\t\t\t<div class=\"elementor-widget-container\">\n\t\t\t<h2 class=\"elementor-heading-title elementor-size-default\">Bilan de Vitalit\u00e9 (2h) : 80 Euros        \n\nEntretien (suivi) (1h) : 40 Euros\n\nEntretien enfts \/Ados (1h) : 35 Euros\n<\/h2>\t\t<\/div>\n\t\t\t\t<\/div>\n\t\t\t\t<div class=\"elementor-element elementor-element-a2b4d2b elementor-widget elementor-widget-image\" data-id=\"a2b4d2b\" data-element_type=\"widget\" data-widget_type=\"image.default\">\n\t\t\t\t<div class=\"elementor-widget-container\">\n\t\t\t\t\t\t\t\t\t\t\t\t\t<img decoding=\"async\" width=\"225\" height=\"300\" src=\"https:\/\/chelmymasa.com\/wp-content\/uploads\/2024\/03\/IMG_20210702_072409101-225x300.jpg\" class=\"attachment-medium size-medium wp-image-760\" alt=\"\" srcset=\"https:\/\/chelmymasa.com\/wp-content\/uploads\/2024\/03\/IMG_20210702_072409101-225x300.jpg 225w, https:\/\/chelmymasa.com\/wp-content\/uploads\/2024\/03\/IMG_20210702_072409101-768x1024.jpg 768w, https:\/\/chelmymasa.com\/wp-content\/uploads\/2024\/03\/IMG_20210702_072409101-1152x1536.jpg 1152w, https:\/\/chelmymasa.com\/wp-content\/uploads\/2024\/03\/IMG_20210702_072409101-1536x2048.jpg 1536w, https:\/\/chelmymasa.com\/wp-content\/uploads\/2024\/03\/IMG_20210702_072409101-scaled.jpg 1920w\" sizes=\"(max-width: 225px) 100vw, 225px\" \/>\t\t\t\t\t\t\t\t\t\t\t\t\t<\/div>\n\t\t\t\t<\/div>\n\t\t\t\t<\/div>\n\t\t\t\t\t<\/div>\n\t\t\t\t<\/div>\n\t\t\t\t<\/div>\n\t\t","protected":false},"excerpt":{"rendered":"<p>Diapositive pr\u00e9c\u00e9dente Diapositive suivante Consultation La naturopathie est un ensemble de techniques, ( nutrition, mouvements corporels, psychologie, \u00e9limination, \u2026) qui va te permettre, si tu les pratiques, de stimuler ton corps jusqu&rsquo;au niveau cellulaire (cellule nerveuse, osseuse, musculaire&#8230;) afin que cette plus petite unit\u00e9 du corps humain, la CELLULE, vibre suffisamment fort pour que la [&hellip;]<\/p>\n","protected":false},"author":1,"featured_media":0,"parent":0,"menu_order":0,"comment_status":"closed","ping_status":"closed","template":"","meta":{"footnotes":""},"_links":{"self":[{"href":"https:\/\/chelmymasa.com\/index.php\/wp-json\/wp\/v2\/pages\/454"}],"collection":[{"href":"https:\/\/chelmymasa.com\/index.php\/wp-json\/wp\/v2\/pages"}],"about":[{"href":"https:\/\/chelmymasa.com\/index.php\/wp-json\/wp\/v2\/types\/page"}],"author":[{"embeddable":true,"href":"https:\/\/chelmymasa.com\/index.php\/wp-json\/wp\/v2\/users\/1"}],"replies":[{"embeddable":true,"href":"https:\/\/chelmymasa.com\/index.php\/wp-json\/wp\/v2\/comments?post=454"}],"version-history":[{"count":91,"href":"https:\/\/chelmymasa.com\/index.php\/wp-json\/wp\/v2\/pages\/454\/revisions"}],"predecessor-version":[{"id":961,"href":"https:\/\/chelmymasa.com\/index.php\/wp-json\/wp\/v2\/pages\/454\/revisions\/961"}],"wp:attachment":[{"href":"https:\/\/chelmymasa.com\/index.php\/wp-json\/wp\/v2\/media?parent=454"}],"curies":[{"name":"wp","href":"https:\/\/api.w.org\/{rel}","templated":true}]}}